{"id":14574,"date":"2024-11-25T09:17:46","date_gmt":"2024-11-25T09:17:46","guid":{"rendered":"https:\/\/athena.li\/?page_id=14574"},"modified":"2024-11-25T09:24:16","modified_gmt":"2024-11-25T09:24:16","slug":"aml-kyc-summary","status":"publish","type":"page","link":"https:\/\/athena.li\/es\/resumen-aml-kyc\/","title":{"rendered":"Resumen AML &amp; KYC"},"content":{"rendered":"<div data-elementor-type=\"wp-page\" data-elementor-id=\"14574\" class=\"elementor elementor-14574\" data-elementor-settings=\"{&quot;element_pack_global_tooltip_width&quot;:{&quot;unit&quot;:&quot;px&quot;,&quot;size&quot;:&quot;&quot;,&quot;sizes&quot;:[]},&quot;element_pack_global_tooltip_width_widescreen&quot;:{&quot;unit&quot;:&quot;px&quot;,&quot;size&quot;:&quot;&quot;,&quot;sizes&quot;:[]},&quot;element_pack_global_tooltip_width_laptop&quot;:{&quot;unit&quot;:&quot;px&quot;,&quot;size&quot;:&quot;&quot;,&quot;sizes&quot;:[]},&quot;element_pack_global_tooltip_width_tablet_extra&quot;:{&quot;unit&quot;:&quot;px&quot;,&quot;size&quot;:&quot;&quot;,&quot;sizes&quot;:[]},&quot;element_pack_global_tooltip_width_tablet&quot;:{&quot;unit&quot;:&quot;px&quot;,&quot;size&quot;:&quot;&quot;,&quot;sizes&quot;:[]},&quot;element_pack_global_tooltip_width_mobile&quot;:{&quot;unit&quot;:&quot;px&quot;,&quot;size&quot;:&quot;&quot;,&quot;sizes&quot;:[]},&quot;element_pack_global_tooltip_padding&quot;:{&quot;unit&quot;:&quot;px&quot;,&quot;top&quot;:&quot;&quot;,&quot;right&quot;:&quot;&quot;,&quot;bottom&quot;:&quot;&quot;,&quot;left&quot;:&quot;&quot;,&quot;isLinked&quot;:true},&quot;element_pack_global_tooltip_padding_widescreen&quot;:{&quot;unit&quot;:&quot;px&quot;,&quot;top&quot;:&quot;&quot;,&quot;right&quot;:&quot;&quot;,&quot;bottom&quot;:&quot;&quot;,&quot;left&quot;:&quot;&quot;,&quot;isLinked&quot;:true},&quot;element_pack_global_tooltip_padding_laptop&quot;:{&quot;unit&quot;:&quot;px&quot;,&quot;top&quot;:&quot;&quot;,&quot;right&quot;:&quot;&quot;,&quot;bottom&quot;:&quot;&quot;,&quot;left&quot;:&quot;&quot;,&quot;isLinked&quot;:true},&quot;element_pack_global_tooltip_padding_tablet_extra&quot;:{&quot;unit&quot;:&quot;px&quot;,&quot;top&quot;:&quot;&quot;,&quot;right&quot;:&quot;&quot;,&quot;bottom&quot;:&quot;&quot;,&quot;left&quot;:&quot;&quot;,&quot;isLinked&quot;:true},&quot;element_pack_global_tooltip_padding_tablet&quot;:{&quot;unit&quot;:&quot;px&quot;,&quot;top&quot;:&quot;&quot;,&quot;right&quot;:&quot;&quot;,&quot;bottom&quot;:&quot;&quot;,&quot;left&quot;:&quot;&quot;,&quot;isLinked&quot;:true},&quot;element_pack_global_tooltip_padding_mobile&quot;:{&quot;unit&quot;:&quot;px&quot;,&quot;top&quot;:&quot;&quot;,&quot;right&quot;:&quot;&quot;,&quot;bottom&quot;:&quot;&quot;,&quot;left&quot;:&quot;&quot;,&quot;isLinked&quot;:true},&quot;element_pack_global_tooltip_border_radius&quot;:{&quot;unit&quot;:&quot;px&quot;,&quot;top&quot;:&quot;&quot;,&quot;right&quot;:&quot;&quot;,&quot;bottom&quot;:&quot;&quot;,&quot;left&quot;:&quot;&quot;,&quot;isLinked&quot;:true},&quot;element_pack_global_tooltip_border_radius_widescreen&quot;:{&quot;unit&quot;:&quot;px&quot;,&quot;top&quot;:&quot;&quot;,&quot;right&quot;:&quot;&quot;,&quot;bottom&quot;:&quot;&quot;,&quot;left&quot;:&quot;&quot;,&quot;isLinked&quot;:true},&quot;element_pack_global_tooltip_border_radius_laptop&quot;:{&quot;unit&quot;:&quot;px&quot;,&quot;top&quot;:&quot;&quot;,&quot;right&quot;:&quot;&quot;,&quot;bottom&quot;:&quot;&quot;,&quot;left&quot;:&quot;&quot;,&quot;isLinked&quot;:true},&quot;element_pack_global_tooltip_border_radius_tablet_extra&quot;:{&quot;unit&quot;:&quot;px&quot;,&quot;top&quot;:&quot;&quot;,&quot;right&quot;:&quot;&quot;,&quot;bottom&quot;:&quot;&quot;,&quot;left&quot;:&quot;&quot;,&quot;isLinked&quot;:true},&quot;element_pack_global_tooltip_border_radius_tablet&quot;:{&quot;unit&quot;:&quot;px&quot;,&quot;top&quot;:&quot;&quot;,&quot;right&quot;:&quot;&quot;,&quot;bottom&quot;:&quot;&quot;,&quot;left&quot;:&quot;&quot;,&quot;isLinked&quot;:true},&quot;element_pack_global_tooltip_border_radius_mobile&quot;:{&quot;unit&quot;:&quot;px&quot;,&quot;top&quot;:&quot;&quot;,&quot;right&quot;:&quot;&quot;,&quot;bottom&quot;:&quot;&quot;,&quot;left&quot;:&quot;&quot;,&quot;isLinked&quot;:true}}\">\n\t\t\t\t<div class=\"elementor-element elementor-element-2826f7e e-flex e-con-boxed e-con e-parent\" data-id=\"2826f7e\" data-element_type=\"container\" data-e-type=\"container\" data-settings=\"{&quot;background_background&quot;:&quot;classic&quot;}\">\n\t\t\t\t\t<div class=\"e-con-inner\">\n\t\t<div class=\"elementor-element elementor-element-8aa97f3 e-con-full e-flex e-con e-child\" data-id=\"8aa97f3\" data-element_type=\"container\" data-e-type=\"container\">\n\t\t\t\t<div class=\"elementor-element elementor-element-5af7739 elementor-widget elementor-widget-heading\" data-id=\"5af7739\" data-element_type=\"widget\" data-e-type=\"widget\" data-widget_type=\"heading.default\">\n\t\t\t\t<div class=\"elementor-widget-container\">\n\t\t\t\t\t<h2 class=\"elementor-heading-title elementor-size-default\">Resumen de la pol\u00edtica AML &amp; KYC<\/h2>\t\t\t\t<\/div>\n\t\t\t\t<\/div>\n\t\t\t\t<div class=\"elementor-element elementor-element-6b1d8e9 elementor-widget elementor-widget-text-editor\" data-id=\"6b1d8e9\" data-element_type=\"widget\" data-e-type=\"widget\" data-widget_type=\"text-editor.default\">\n\t\t\t\t<div class=\"elementor-widget-container\">\n\t\t\t\t\t\t\t\t\tEn Athena Technology, nos comprometemos a cumplir las normas comerciales internacionales adhiri\u00e9ndonos a la legislaci\u00f3n destinada a combatir el blanqueo de capitales y la financiaci\u00f3n del terrorismo (AML\/CFT). Guiado por las recomendaciones del Grupo de Acci\u00f3n Financiera Internacional (GAFI), nuestro Departamento de Cumplimiento ha implantado s\u00f3lidos procedimientos de lucha contra el blanqueo de capitales (AML) y de conocimiento del cliente (KYC). Estas medidas son obligatorias para todos los empleados y clientes, garantizando que nuestras operaciones se ajusten a las normas internacionales y a los requisitos legales.\t\t\t\t\t\t\t\t<\/div>\n\t\t\t\t<\/div>\n\t\t\t\t<\/div>\n\t\t<div class=\"elementor-element elementor-element-de968d1 e-con-full e-flex e-con e-child\" data-id=\"de968d1\" data-element_type=\"container\" data-e-type=\"container\">\n\t\t\t\t<div class=\"elementor-element elementor-element-5c80aa4 elementor-widget elementor-widget-heading\" data-id=\"5c80aa4\" data-element_type=\"widget\" data-e-type=\"widget\" data-widget_type=\"heading.default\">\n\t\t\t\t<div class=\"elementor-widget-container\">\n\t\t\t\t\t<h2 class=\"elementor-heading-title elementor-size-default\">Directrices AML &amp; KYC<\/h2>\t\t\t\t<\/div>\n\t\t\t\t<\/div>\n\t\t\t\t<div class=\"elementor-element elementor-element-587dfea elementor-widget elementor-widget-text-editor\" data-id=\"587dfea\" data-element_type=\"widget\" data-e-type=\"widget\" data-widget_type=\"text-editor.default\">\n\t\t\t\t<div class=\"elementor-widget-container\">\n\t\t\t\t\t\t\t\t\tComo cliente de Athena Technology, usted acepta las siguientes normas y responsabilidades:\t\t\t\t\t\t\t\t<\/div>\n\t\t\t\t<\/div>\n\t\t\t\t<div class=\"elementor-element elementor-element-2f058f7 elementor-widget elementor-widget-text-editor\" data-id=\"2f058f7\" data-element_type=\"widget\" data-e-type=\"widget\" data-widget_type=\"text-editor.default\">\n\t\t\t\t<div class=\"elementor-widget-container\">\n\t\t\t\t\t\t\t\t\t<ol><li>Debe cumplir en todo momento nuestros requisitos AML\/KYC. Esto incluye facilitar documentaci\u00f3n adicional o cumplimentar cuestionarios KYC a petici\u00f3n de la Empresa.<\/li><li>Los reintegros s\u00f3lo pueden efectuarse en cuentas a su nombre. Las transferencias a cuentas de terceros o entre clientes de la empresa est\u00e1n estrictamente prohibidas.<\/li><li>La Empresa se reserva el derecho de compartir su informaci\u00f3n con instituciones financieras o agencias policiales seg\u00fan lo exija la ley. Los registros de transacciones se conservar\u00e1n durante un m\u00ednimo de cinco a\u00f1os.<\/li><li>Usted est\u00e1 obligado a cumplir todas las leyes aplicables, incluidas las normativas internacionales, para evitar actividades il\u00edcitas como el blanqueo de dinero, el fraude o las transacciones ilegales utilizando nuestra plataforma.<\/li><li>Usted garantiza el origen legal y la propiedad de todos los fondos transferidos a su cuenta. Las actividades sospechosas, como los dep\u00f3sitos no verificados o las acciones que se asemejen a un fraude, pueden dar lugar a una investigaci\u00f3n interna, la suspensi\u00f3n de la cuenta o la cancelaci\u00f3n de los servicios.<\/li><li>La empresa puede solicitar documentaci\u00f3n adicional si los m\u00e9todos de retirada difieren de los m\u00e9todos de dep\u00f3sito. La negativa a facilitar la informaci\u00f3n solicitada puede dar lugar a la suspensi\u00f3n o el cierre de la cuenta.<\/li><li>Durante las investigaciones, la empresa puede exigir documentos de verificaci\u00f3n de identidad, pruebas de residencia y pruebas del origen legal de los fondos. En algunos casos, pueden solicitarse documentos originales para su verificaci\u00f3n.<\/li><li>No se prestar\u00e1n servicios a personas o entidades situadas en jurisdicciones incluidas en la lista negra del GAFI ni a ciudadanos y residentes en Estados Unidos.<\/li><li>La Empresa se reserva el derecho a rechazar transacciones consideradas sospechosas. Las acciones preventivas, como la suspensi\u00f3n o el cierre de la cuenta, no constituyen responsabilidad alguna por las reclamaciones asociadas.<\/li><li>La empresa no est\u00e1 obligada a informar a los clientes de las medidas adoptadas para cumplir la legislaci\u00f3n en materia de PBC\/FT, incluidas las suspensiones de cuentas, las solicitudes de documentos o la denegaci\u00f3n de operaciones.<\/li><li>Este resumen resume el compromiso de la empresa con las iniciativas globales de lucha contra el blanqueo de capitales. Las empresas individuales de nuestra red pueden aplicar pol\u00edticas complementarias de AML\/KYC de acuerdo con la normativa local.<\/li><li>Esta pol\u00edtica AML &amp; KYC es una parte integral de cualquier acuerdo entre usted y la Compa\u00f1\u00eda. El incumplimiento de la pol\u00edtica puede resultar en la terminaci\u00f3n de los servicios a discreci\u00f3n de la Compa\u00f1\u00eda.<\/li><\/ol>\t\t\t\t\t\t\t\t<\/div>\n\t\t\t\t<\/div>\n\t\t\t\t<div class=\"elementor-element elementor-element-6e690fe elementor-widget elementor-widget-text-editor\" data-id=\"6e690fe\" data-element_type=\"widget\" data-e-type=\"widget\" data-widget_type=\"text-editor.default\">\n\t\t\t\t<div class=\"elementor-widget-container\">\n\t\t\t\t\t\t\t\t\tSi tiene alguna pregunta sobre nuestra pol\u00edtica de lucha contra el blanqueo de capitales, p\u00f3ngase en contacto con nosotros en legal@athena.li.\t\t\t\t\t\t\t\t<\/div>\n\t\t\t\t<\/div>\n\t\t\t\t<\/div>\n\t\t\t\t\t<\/div>\n\t\t\t\t<\/div>\n\t\t\t\t<\/div>","protected":false},"excerpt":{"rendered":"<p>AML &amp; KYC Policy Summary At Athena Technology, we are committed to complying with international trade standards by adhering to legislation aimed [&hellip;]<\/p>\n","protected":false},"author":1,"featured_media":0,"parent":0,"menu_order":0,"comment_status":"closed","ping_status":"closed","template":"","meta":{"nf_dc_page":"","footnotes":""},"class_list":["post-14574","page","type-page","status-publish","hentry"],"yoast_head":"<!-- This site is optimized with the Yoast SEO plugin v27.1.1 - https:\/\/yoast.com\/product\/yoast-seo-wordpress\/ -->\n<title>AML &amp; KYC Summary - Athena<\/title>\n<meta name=\"robots\" content=\"index, follow, max-snippet:-1, max-image-preview:large, max-video-preview:-1\" \/>\n<link rel=\"canonical\" href=\"https:\/\/athena.li\/es\/resumen-aml-kyc\/\" \/>\n<meta property=\"og:locale\" content=\"es_MX\" \/>\n<meta property=\"og:type\" content=\"article\" \/>\n<meta property=\"og:title\" content=\"AML &amp; KYC Summary - Athena\" \/>\n<meta property=\"og:description\" content=\"AML &amp; KYC Policy Summary At Athena Technology, we are committed to complying with international trade standards by adhering to legislation aimed [&hellip;]\" \/>\n<meta property=\"og:url\" content=\"https:\/\/athena.li\/es\/resumen-aml-kyc\/\" \/>\n<meta property=\"og:site_name\" content=\"Athena\" \/>\n<meta property=\"article:modified_time\" content=\"2024-11-25T09:24:16+00:00\" \/>\n<meta name=\"twitter:card\" content=\"summary_large_image\" \/>\n<meta name=\"twitter:label1\" content=\"Tiempo de lectura\" \/>\n\t<meta name=\"twitter:data1\" content=\"2 minutos\" \/>\n<script type=\"application\/ld+json\" class=\"yoast-schema-graph\">{\"@context\":\"https:\/\/schema.org\",\"@graph\":[{\"@type\":\"WebPage\",\"@id\":\"https:\/\/athena.li\/aml-kyc-summary\/\",\"url\":\"https:\/\/athena.li\/aml-kyc-summary\/\",\"name\":\"AML &amp; KYC Summary - Athena\",\"isPartOf\":{\"@id\":\"https:\/\/athena.li\/#website\"},\"datePublished\":\"2024-11-25T09:17:46+00:00\",\"dateModified\":\"2024-11-25T09:24:16+00:00\",\"breadcrumb\":{\"@id\":\"https:\/\/athena.li\/aml-kyc-summary\/#breadcrumb\"},\"inLanguage\":\"es\",\"potentialAction\":[{\"@type\":\"ReadAction\",\"target\":[\"https:\/\/athena.li\/aml-kyc-summary\/\"]}]},{\"@type\":\"BreadcrumbList\",\"@id\":\"https:\/\/athena.li\/aml-kyc-summary\/#breadcrumb\",\"itemListElement\":[{\"@type\":\"ListItem\",\"position\":1,\"name\":\"Home\",\"item\":\"https:\/\/athena.li\/\"},{\"@type\":\"ListItem\",\"position\":2,\"name\":\"AML &amp; KYC Summary\"}]},{\"@type\":\"WebSite\",\"@id\":\"https:\/\/athena.li\/#website\",\"url\":\"https:\/\/athena.li\/\",\"name\":\"Athena\",\"description\":\"\",\"potentialAction\":[{\"@type\":\"SearchAction\",\"target\":{\"@type\":\"EntryPoint\",\"urlTemplate\":\"https:\/\/athena.li\/?s={search_term_string}\"},\"query-input\":{\"@type\":\"PropertyValueSpecification\",\"valueRequired\":true,\"valueName\":\"search_term_string\"}}],\"inLanguage\":\"es\"}]}<\/script>\n<!-- \/ Yoast SEO plugin. -->","yoast_head_json":{"title":"Resumen AML &amp; KYC - Athena","robots":{"index":"index","follow":"follow","max-snippet":"max-snippet:-1","max-image-preview":"max-image-preview:large","max-video-preview":"max-video-preview:-1"},"canonical":"https:\/\/athena.li\/es\/resumen-aml-kyc\/","og_locale":"es_MX","og_type":"article","og_title":"AML &amp; KYC Summary - Athena","og_description":"AML &amp; KYC Policy Summary At Athena Technology, we are committed to complying with international trade standards by adhering to legislation aimed [&hellip;]","og_url":"https:\/\/athena.li\/es\/resumen-aml-kyc\/","og_site_name":"Athena","article_modified_time":"2024-11-25T09:24:16+00:00","twitter_card":"summary_large_image","twitter_misc":{"Tiempo de lectura":"2 minutos"},"schema":{"@context":"https:\/\/schema.org","@graph":[{"@type":"WebPage","@id":"https:\/\/athena.li\/aml-kyc-summary\/","url":"https:\/\/athena.li\/aml-kyc-summary\/","name":"Resumen AML &amp; KYC - Athena","isPartOf":{"@id":"https:\/\/athena.li\/#website"},"datePublished":"2024-11-25T09:17:46+00:00","dateModified":"2024-11-25T09:24:16+00:00","breadcrumb":{"@id":"https:\/\/athena.li\/aml-kyc-summary\/#breadcrumb"},"inLanguage":"es","potentialAction":[{"@type":"ReadAction","target":["https:\/\/athena.li\/aml-kyc-summary\/"]}]},{"@type":"BreadcrumbList","@id":"https:\/\/athena.li\/aml-kyc-summary\/#breadcrumb","itemListElement":[{"@type":"ListItem","position":1,"name":"Home","item":"https:\/\/athena.li\/"},{"@type":"ListItem","position":2,"name":"AML &amp; KYC Summary"}]},{"@type":"WebSite","@id":"https:\/\/athena.li\/#website","url":"https:\/\/athena.li\/","name":"Atenea","description":"","potentialAction":[{"@type":"SearchAction","target":{"@type":"EntryPoint","urlTemplate":"https:\/\/athena.li\/?s={search_term_string}"},"query-input":{"@type":"PropertyValueSpecification","valueRequired":true,"valueName":"search_term_string"}}],"inLanguage":"es"}]}},"_links":{"self":[{"href":"https:\/\/athena.li\/es\/wp-json\/wp\/v2\/pages\/14574","targetHints":{"allow":["GET"]}}],"collection":[{"href":"https:\/\/athena.li\/es\/wp-json\/wp\/v2\/pages"}],"about":[{"href":"https:\/\/athena.li\/es\/wp-json\/wp\/v2\/types\/page"}],"author":[{"embeddable":true,"href":"https:\/\/athena.li\/es\/wp-json\/wp\/v2\/users\/1"}],"replies":[{"embeddable":true,"href":"https:\/\/athena.li\/es\/wp-json\/wp\/v2\/comments?post=14574"}],"version-history":[{"count":0,"href":"https:\/\/athena.li\/es\/wp-json\/wp\/v2\/pages\/14574\/revisions"}],"wp:attachment":[{"href":"https:\/\/athena.li\/es\/wp-json\/wp\/v2\/media?parent=14574"}],"curies":[{"name":"wp","href":"https:\/\/api.w.org\/{rel}","templated":true}]}}